{"id":248,"date":"2024-12-19T21:06:12","date_gmt":"2024-12-19T20:06:12","guid":{"rendered":"https:\/\/les-chiendents.fr\/?page_id=248"},"modified":"2024-12-29T23:19:52","modified_gmt":"2024-12-29T22:19:52","slug":"liens-utiles","status":"publish","type":"page","link":"https:\/\/les-chiendents.fr\/index.php\/liens-utiles\/","title":{"rendered":"Liens utiles"},"content":{"rendered":"\n<div style=\"height:50px\" aria-hidden=\"true\" class=\"wp-block-spacer\"><\/div>\n\n\n\n<ul class=\"wp-block-list\">\n<li><a href=\"https:\/\/youthforclimate.be\/\" target=\"_blank\" rel=\"noreferrer noopener\">youthforclimate.be<\/a><\/li>\n\n\n\n<li><a href=\"https:\/\/pour-un-reveil-ecologique.org\/fr\/\" target=\"_blank\" rel=\"noreferrer noopener\">pour-un-reveil-ecologique.org<\/a><\/li>\n\n\n\n<li><a href=\"https:\/\/www.fonds-pierre-rabhi.org\/\" target=\"_blank\" rel=\"noreferrer noopener\">fonds-pierre-rabhi.org<\/a><\/li>\n\n\n\n<li><a href=\"https:\/\/upforeurope.com\/\" target=\"_blank\" rel=\"noreferrer noopener\">upforeurope.com<\/a><\/li>\n\n\n\n<li><a href=\"https:\/\/jeminstallepaysan.org\/\" target=\"_blank\" rel=\"noreferrer noopener\">jeminstallepaysan.org<\/a><\/li>\n\n\n\n<li><a href=\"https:\/\/gapeautransition.org\/\" target=\"_blank\" rel=\"noreferrer noopener\">gapeautransition.org<\/a><\/li>\n\n\n\n<li><a href=\"https:\/\/enseignantspourlaplanete.com\/\" target=\"_blank\" rel=\"noreferrer noopener\">enseignantspourlaplanete.com<\/a><\/li>\n\n\n\n<li><a href=\"http:\/\/terres-communes.zici.fr\/\" target=\"_blank\" rel=\"noreferrer noopener\">terres-communes.fr<\/a><\/li>\n\n\n\n<li><a href=\"http:\/\/www.latelierpaysan.org\/\" target=\"_blank\" rel=\"noreferrer noopener\">latelierpaysan.org<\/a><\/li>\n\n\n\n<li><a href=\"http:\/\/www.together-for-earth.org\/\" target=\"_blank\" rel=\"noreferrer noopener\">together-for-earth.org<\/a><\/li>\n\n\n\n<li><a href=\"http:\/\/colibris-wiki.org\/\" target=\"_blank\" rel=\"noreferrer noopener\">colibris.org<\/a><\/li>\n\n\n\n<li><a href=\"http:\/\/www.atd-quartmonde.fr\/\" target=\"_blank\" rel=\"noreferrer noopener\">atd-quartmonde.fr<\/a><\/li>\n<\/ul>\n\n\n\n<div style=\"height:50px\" aria-hidden=\"true\" class=\"wp-block-spacer\"><\/div>\n\n\n\n<figure class=\"wp-block-image size-large\"><img loading=\"lazy\" decoding=\"async\" width=\"1024\" height=\"512\" src=\"https:\/\/les-chiendents.fr\/wp-content\/uploads\/2024\/12\/b44af257-2ce2-46f1-9aeb-2b85b12ece92_w2393_n_st_d2-1024x512.jpg\" alt=\"Credits: National Oceanic and Atmospheric Administration (NOAA) &amp; NASA\" class=\"wp-image-330\" srcset=\"https:\/\/les-chiendents.fr\/wp-content\/uploads\/2024\/12\/b44af257-2ce2-46f1-9aeb-2b85b12ece92_w2393_n_st_d2-1024x512.jpg 1024w, https:\/\/les-chiendents.fr\/wp-content\/uploads\/2024\/12\/b44af257-2ce2-46f1-9aeb-2b85b12ece92_w2393_n_st_d2-300x150.jpg 300w, https:\/\/les-chiendents.fr\/wp-content\/uploads\/2024\/12\/b44af257-2ce2-46f1-9aeb-2b85b12ece92_w2393_n_st_d2-768x384.jpg 768w, https:\/\/les-chiendents.fr\/wp-content\/uploads\/2024\/12\/b44af257-2ce2-46f1-9aeb-2b85b12ece92_w2393_n_st_d2-1536x768.jpg 1536w, https:\/\/les-chiendents.fr\/wp-content\/uploads\/2024\/12\/b44af257-2ce2-46f1-9aeb-2b85b12ece92_w2393_n_st_d2.jpg 2048w\" sizes=\"auto, (max-width: 1024px) 100vw, 1024px\" \/><\/figure>\n","protected":false},"excerpt":{"rendered":"","protected":false},"author":1,"featured_media":0,"parent":0,"menu_order":0,"comment_status":"closed","ping_status":"closed","template":"","meta":{"_acf_changed":false,"_kad_post_transparent":"","_kad_post_title":"","_kad_post_layout":"","_kad_post_sidebar_id":"","_kad_post_content_style":"","_kad_post_vertical_padding":"","_kad_post_feature":"","_kad_post_feature_position":"","_kad_post_header":false,"_kad_post_footer":false,"_kad_post_classname":"","footnotes":""},"class_list":["post-248","page","type-page","status-publish","hentry"],"acf":[],"yoast_head":"<!-- This site is optimized with the Yoast SEO plugin v27.1.1 - https:\/\/yoast.com\/product\/yoast-seo-wordpress\/ -->\n<title>Liens utiles - Les Chiendents<\/title>\n<meta name=\"robots\" content=\"index, follow, max-snippet:-1, max-image-preview:large, max-video-preview:-1\" \/>\n<link rel=\"canonical\" href=\"https:\/\/les-chiendents.fr\/index.php\/liens-utiles\/\" \/>\n<meta property=\"og:locale\" content=\"fr_FR\" \/>\n<meta property=\"og:type\" content=\"article\" \/>\n<meta property=\"og:title\" content=\"Liens utiles - Les Chiendents\" \/>\n<meta property=\"og:url\" content=\"https:\/\/les-chiendents.fr\/index.php\/liens-utiles\/\" \/>\n<meta property=\"og:site_name\" content=\"Les Chiendents\" \/>\n<meta property=\"article:modified_time\" content=\"2024-12-29T22:19:52+00:00\" \/>\n<meta property=\"og:image\" content=\"https:\/\/les-chiendents.fr\/wp-content\/uploads\/2024\/12\/b44af257-2ce2-46f1-9aeb-2b85b12ece92_w2393_n_st_d2.jpg\" \/>\n\t<meta property=\"og:image:width\" content=\"2048\" \/>\n\t<meta property=\"og:image:height\" content=\"1024\" \/>\n\t<meta property=\"og:image:type\" content=\"image\/jpeg\" \/>\n<meta name=\"twitter:card\" content=\"summary_large_image\" \/>\n<meta name=\"twitter:label1\" content=\"Dur\u00e9e de lecture estim\u00e9e\" \/>\n\t<meta name=\"twitter:data1\" content=\"1 minute\" \/>\n<script type=\"application\/ld+json\" class=\"yoast-schema-graph\">{\"@context\":\"https:\/\/schema.org\",\"@graph\":[{\"@type\":\"WebPage\",\"@id\":\"https:\/\/les-chiendents.fr\/index.php\/liens-utiles\/\",\"url\":\"https:\/\/les-chiendents.fr\/index.php\/liens-utiles\/\",\"name\":\"Liens utiles - Les Chiendents\",\"isPartOf\":{\"@id\":\"https:\/\/les-chiendents.fr\/#website\"},\"primaryImageOfPage\":{\"@id\":\"https:\/\/les-chiendents.fr\/index.php\/liens-utiles\/#primaryimage\"},\"image\":{\"@id\":\"https:\/\/les-chiendents.fr\/index.php\/liens-utiles\/#primaryimage\"},\"thumbnailUrl\":\"https:\/\/les-chiendents.fr\/wp-content\/uploads\/2024\/12\/b44af257-2ce2-46f1-9aeb-2b85b12ece92_w2393_n_st_d2-1024x512.jpg\",\"datePublished\":\"2024-12-19T20:06:12+00:00\",\"dateModified\":\"2024-12-29T22:19:52+00:00\",\"breadcrumb\":{\"@id\":\"https:\/\/les-chiendents.fr\/index.php\/liens-utiles\/#breadcrumb\"},\"inLanguage\":\"fr-FR\",\"potentialAction\":[{\"@type\":\"ReadAction\",\"target\":[\"https:\/\/les-chiendents.fr\/index.php\/liens-utiles\/\"]}]},{\"@type\":\"ImageObject\",\"inLanguage\":\"fr-FR\",\"@id\":\"https:\/\/les-chiendents.fr\/index.php\/liens-utiles\/#primaryimage\",\"url\":\"https:\/\/les-chiendents.fr\/wp-content\/uploads\/2024\/12\/b44af257-2ce2-46f1-9aeb-2b85b12ece92_w2393_n_st_d2.jpg\",\"contentUrl\":\"https:\/\/les-chiendents.fr\/wp-content\/uploads\/2024\/12\/b44af257-2ce2-46f1-9aeb-2b85b12ece92_w2393_n_st_d2.jpg\",\"width\":2048,\"height\":1024},{\"@type\":\"BreadcrumbList\",\"@id\":\"https:\/\/les-chiendents.fr\/index.php\/liens-utiles\/#breadcrumb\",\"itemListElement\":[{\"@type\":\"ListItem\",\"position\":1,\"name\":\"Accueil\",\"item\":\"https:\/\/les-chiendents.fr\/\"},{\"@type\":\"ListItem\",\"position\":2,\"name\":\"Liens utiles\"}]},{\"@type\":\"WebSite\",\"@id\":\"https:\/\/les-chiendents.fr\/#website\",\"url\":\"https:\/\/les-chiendents.fr\/\",\"name\":\"Les Chiendents\",\"description\":\"&quot;Une mauvaise herbe est une plante dont les vertus n&#039;ont pas encore \u00e9t\u00e9 d\u00e9couvertes.&quot; R.W. Emerson\",\"publisher\":{\"@id\":\"https:\/\/les-chiendents.fr\/#organization\"},\"potentialAction\":[{\"@type\":\"SearchAction\",\"target\":{\"@type\":\"EntryPoint\",\"urlTemplate\":\"https:\/\/les-chiendents.fr\/?s={search_term_string}\"},\"query-input\":{\"@type\":\"PropertyValueSpecification\",\"valueRequired\":true,\"valueName\":\"search_term_string\"}}],\"inLanguage\":\"fr-FR\"},{\"@type\":\"Organization\",\"@id\":\"https:\/\/les-chiendents.fr\/#organization\",\"name\":\"Les Chiendents\",\"url\":\"https:\/\/les-chiendents.fr\/\",\"logo\":{\"@type\":\"ImageObject\",\"inLanguage\":\"fr-FR\",\"@id\":\"https:\/\/les-chiendents.fr\/#\/schema\/logo\/image\/\",\"url\":\"https:\/\/les-chiendents.fr\/wp-content\/uploads\/2024\/12\/logo-chiendents.png\",\"contentUrl\":\"https:\/\/les-chiendents.fr\/wp-content\/uploads\/2024\/12\/logo-chiendents.png\",\"width\":388,\"height\":409,\"caption\":\"Les Chiendents\"},\"image\":{\"@id\":\"https:\/\/les-chiendents.fr\/#\/schema\/logo\/image\/\"},\"sameAs\":[\"https:\/\/www.instagram.com\/les_chiendents\/\"]}]}<\/script>\n<!-- \/ Yoast SEO plugin. -->","yoast_head_json":{"title":"Liens utiles - Les Chiendents","robots":{"index":"index","follow":"follow","max-snippet":"max-snippet:-1","max-image-preview":"max-image-preview:large","max-video-preview":"max-video-preview:-1"},"canonical":"https:\/\/les-chiendents.fr\/index.php\/liens-utiles\/","og_locale":"fr_FR","og_type":"article","og_title":"Liens utiles - Les Chiendents","og_url":"https:\/\/les-chiendents.fr\/index.php\/liens-utiles\/","og_site_name":"Les Chiendents","article_modified_time":"2024-12-29T22:19:52+00:00","og_image":[{"width":2048,"height":1024,"url":"https:\/\/les-chiendents.fr\/wp-content\/uploads\/2024\/12\/b44af257-2ce2-46f1-9aeb-2b85b12ece92_w2393_n_st_d2.jpg","type":"image\/jpeg"}],"twitter_card":"summary_large_image","twitter_misc":{"Dur\u00e9e de lecture estim\u00e9e":"1 minute"},"schema":{"@context":"https:\/\/schema.org","@graph":[{"@type":"WebPage","@id":"https:\/\/les-chiendents.fr\/index.php\/liens-utiles\/","url":"https:\/\/les-chiendents.fr\/index.php\/liens-utiles\/","name":"Liens utiles - Les Chiendents","isPartOf":{"@id":"https:\/\/les-chiendents.fr\/#website"},"primaryImageOfPage":{"@id":"https:\/\/les-chiendents.fr\/index.php\/liens-utiles\/#primaryimage"},"image":{"@id":"https:\/\/les-chiendents.fr\/index.php\/liens-utiles\/#primaryimage"},"thumbnailUrl":"https:\/\/les-chiendents.fr\/wp-content\/uploads\/2024\/12\/b44af257-2ce2-46f1-9aeb-2b85b12ece92_w2393_n_st_d2-1024x512.jpg","datePublished":"2024-12-19T20:06:12+00:00","dateModified":"2024-12-29T22:19:52+00:00","breadcrumb":{"@id":"https:\/\/les-chiendents.fr\/index.php\/liens-utiles\/#breadcrumb"},"inLanguage":"fr-FR","potentialAction":[{"@type":"ReadAction","target":["https:\/\/les-chiendents.fr\/index.php\/liens-utiles\/"]}]},{"@type":"ImageObject","inLanguage":"fr-FR","@id":"https:\/\/les-chiendents.fr\/index.php\/liens-utiles\/#primaryimage","url":"https:\/\/les-chiendents.fr\/wp-content\/uploads\/2024\/12\/b44af257-2ce2-46f1-9aeb-2b85b12ece92_w2393_n_st_d2.jpg","contentUrl":"https:\/\/les-chiendents.fr\/wp-content\/uploads\/2024\/12\/b44af257-2ce2-46f1-9aeb-2b85b12ece92_w2393_n_st_d2.jpg","width":2048,"height":1024},{"@type":"BreadcrumbList","@id":"https:\/\/les-chiendents.fr\/index.php\/liens-utiles\/#breadcrumb","itemListElement":[{"@type":"ListItem","position":1,"name":"Accueil","item":"https:\/\/les-chiendents.fr\/"},{"@type":"ListItem","position":2,"name":"Liens utiles"}]},{"@type":"WebSite","@id":"https:\/\/les-chiendents.fr\/#website","url":"https:\/\/les-chiendents.fr\/","name":"Les Chiendents","description":"&quot;Une mauvaise herbe est une plante dont les vertus n&#039;ont pas encore \u00e9t\u00e9 d\u00e9couvertes.&quot; R.W. Emerson","publisher":{"@id":"https:\/\/les-chiendents.fr\/#organization"},"potentialAction":[{"@type":"SearchAction","target":{"@type":"EntryPoint","urlTemplate":"https:\/\/les-chiendents.fr\/?s={search_term_string}"},"query-input":{"@type":"PropertyValueSpecification","valueRequired":true,"valueName":"search_term_string"}}],"inLanguage":"fr-FR"},{"@type":"Organization","@id":"https:\/\/les-chiendents.fr\/#organization","name":"Les Chiendents","url":"https:\/\/les-chiendents.fr\/","logo":{"@type":"ImageObject","inLanguage":"fr-FR","@id":"https:\/\/les-chiendents.fr\/#\/schema\/logo\/image\/","url":"https:\/\/les-chiendents.fr\/wp-content\/uploads\/2024\/12\/logo-chiendents.png","contentUrl":"https:\/\/les-chiendents.fr\/wp-content\/uploads\/2024\/12\/logo-chiendents.png","width":388,"height":409,"caption":"Les Chiendents"},"image":{"@id":"https:\/\/les-chiendents.fr\/#\/schema\/logo\/image\/"},"sameAs":["https:\/\/www.instagram.com\/les_chiendents\/"]}]}},"_links":{"self":[{"href":"https:\/\/les-chiendents.fr\/index.php\/wp-json\/wp\/v2\/pages\/248","targetHints":{"allow":["GET"]}}],"collection":[{"href":"https:\/\/les-chiendents.fr\/index.php\/wp-json\/wp\/v2\/pages"}],"about":[{"href":"https:\/\/les-chiendents.fr\/index.php\/wp-json\/wp\/v2\/types\/page"}],"author":[{"embeddable":true,"href":"https:\/\/les-chiendents.fr\/index.php\/wp-json\/wp\/v2\/users\/1"}],"replies":[{"embeddable":true,"href":"https:\/\/les-chiendents.fr\/index.php\/wp-json\/wp\/v2\/comments?post=248"}],"version-history":[{"count":6,"href":"https:\/\/les-chiendents.fr\/index.php\/wp-json\/wp\/v2\/pages\/248\/revisions"}],"predecessor-version":[{"id":338,"href":"https:\/\/les-chiendents.fr\/index.php\/wp-json\/wp\/v2\/pages\/248\/revisions\/338"}],"wp:attachment":[{"href":"https:\/\/les-chiendents.fr\/index.php\/wp-json\/wp\/v2\/media?parent=248"}],"curies":[{"name":"wp","href":"https:\/\/api.w.org\/{rel}","templated":true}]}}