{"id":90,"date":"2024-12-17T10:28:55","date_gmt":"2024-12-17T09:28:55","guid":{"rendered":"https:\/\/les-chiendents.fr\/?page_id=90"},"modified":"2026-02-03T16:04:36","modified_gmt":"2026-02-03T15:04:36","slug":"presentation","status":"publish","type":"page","link":"https:\/\/les-chiendents.fr\/","title":{"rendered":"Notre histoire"},"content":{"rendered":"\n<div style=\"height:0px\" aria-hidden=\"true\" class=\"wp-block-spacer\"><\/div>\n\n\n\n<p>Automne 2019&nbsp;: avec des lyc\u00e9ens de Dumont d\u2019Urville (Toulon) et quelques adultes, nous constituons <a href=\"https:\/\/les-chiendents.fr\/\">Les Chiendents<\/a>, dans l\u2019id\u00e9e de sensibiliser les jeunes \u00e0 l\u2019action environnementale.<\/p>\n\n\n\n<p>Dans le m\u00eame temps \u00e9mergent Greta Thunberg et les <a href=\"https:\/\/youthforclimate.fr\">Youth for Climate<\/a>&nbsp;: peu apr\u00e8s, le noyau dur des Chiendents se constitue, quatre lyc\u00e9ennes -dont deux YFC-, un agriculteur bio, un p\u00e9pini\u00e9riste, un guide nature, etc.<\/p>\n\n\n\n<p>Comme d\u2019autres, nous avons \u00e9t\u00e9 stopp\u00e9s par la crise \u00e9pid\u00e9mique, avant d\u2019\u00eatre bloqu\u00e9s par des probl\u00e8mes d\u2019informatique. Aujourd\u2019hui, nous avons r\u00e9orient\u00e9 nos objectifs&nbsp;: nous souhaitons simplement offrir un instrument \u00e0 ceux qui s\u2019inqui\u00e8tent, qui d\u00e9sirent r\u00e9fl\u00e9chir ou agir.<\/p>\n\n\n\n<p>\u00c0 pr\u00e9sent les Chiendents vous invitent \u00e0 parcourir leur site o\u00f9 vous trouverez <a href=\"https:\/\/les-chiendents.fr\/index.php\/category\/jugez-vous-memes\/\">des articles<\/a>, des conseils, <a href=\"https:\/\/les-chiendents.fr\/index.php\/bibliotheque\/\">une biblioth\u00e8que<\/a>, <a href=\"https:\/\/les-chiendents.fr\/index.php\/category\/jugez-vous-memes\/\">des raccourcis historiques<\/a>.<\/p>\n\n\n<div class=\"wp-block-image\">\n<figure class=\"aligncenter size-full is-resized\"><img loading=\"lazy\" decoding=\"async\" width=\"530\" height=\"530\" src=\"https:\/\/les-chiendents.fr\/wp-content\/uploads\/2025\/01\/logo2-clean.png\" alt=\"\" class=\"wp-image-443\" style=\"width:330px;height:auto\" srcset=\"https:\/\/les-chiendents.fr\/wp-content\/uploads\/2025\/01\/logo2-clean.png 530w, https:\/\/les-chiendents.fr\/wp-content\/uploads\/2025\/01\/logo2-clean-300x300.png 300w, https:\/\/les-chiendents.fr\/wp-content\/uploads\/2025\/01\/logo2-clean-150x150.png 150w\" sizes=\"auto, (max-width: 530px) 100vw, 530px\" \/><\/figure>\n<\/div>\n\n\n<p>Peut-\u00eatre deviendrez-vous, \u00e0 votre tour, un Chiendent. Pas de cotisation, pas de likes, juste une inscription&nbsp;? L\u2019important est d\u2019adh\u00e9rer par l\u2019esprit et d\u2019apporter \u00e0 l\u2019outil Chiendent vos id\u00e9es, vos connaissances, vos suggestions.<\/p>\n\n\n\n<p><\/p>\n","protected":false},"excerpt":{"rendered":"<p>Automne 2019&nbsp;: avec des lyc\u00e9ens de Dumont d\u2019Urville (Toulon) et quelques adultes, nous constituons Les Chiendents, dans l\u2019id\u00e9e de sensibiliser les jeunes \u00e0 l\u2019action environnementale. Dans le m\u00eame temps \u00e9mergent Greta Thunberg et les Youth for Climate&nbsp;: peu apr\u00e8s, le noyau dur des Chiendents se constitue, quatre lyc\u00e9ennes -dont deux YFC-, un agriculteur bio, un&#8230;<\/p>\n","protected":false},"author":1,"featured_media":0,"parent":0,"menu_order":0,"comment_status":"closed","ping_status":"closed","template":"","meta":{"_acf_changed":false,"_kad_post_transparent":"","_kad_post_title":"","_kad_post_layout":"","_kad_post_sidebar_id":"","_kad_post_content_style":"","_kad_post_vertical_padding":"","_kad_post_feature":"","_kad_post_feature_position":"","_kad_post_header":false,"_kad_post_footer":false,"_kad_post_classname":"","footnotes":""},"class_list":["post-90","page","type-page","status-publish","hentry"],"acf":[],"yoast_head":"<!-- This site is optimized with the Yoast SEO plugin v27.1.1 - https:\/\/yoast.com\/product\/yoast-seo-wordpress\/ -->\n<title>Notre histoire - Les Chiendents Les Chiendents<\/title>\n<meta name=\"description\" content=\"Avec des lyc\u00e9ens de Dumont d\u2019Urville et quelques adultes, nous constituons Les Chiendents, dans l\u2019id\u00e9e de sensibiliser les jeunes \u00e0 l\u2019action environnementale.\" \/>\n<meta name=\"robots\" content=\"index, follow, max-snippet:-1, max-image-preview:large, max-video-preview:-1\" \/>\n<link rel=\"canonical\" href=\"https:\/\/les-chiendents.fr\/\" \/>\n<meta property=\"og:locale\" content=\"fr_FR\" \/>\n<meta property=\"og:type\" content=\"article\" \/>\n<meta property=\"og:title\" content=\"Notre histoire - Les Chiendents Les Chiendents\" \/>\n<meta property=\"og:description\" content=\"Avec des lyc\u00e9ens de Dumont d\u2019Urville et quelques adultes, nous constituons Les Chiendents, dans l\u2019id\u00e9e de sensibiliser les jeunes \u00e0 l\u2019action environnementale.\" \/>\n<meta property=\"og:url\" content=\"https:\/\/les-chiendents.fr\/\" \/>\n<meta property=\"og:site_name\" content=\"Les Chiendents\" \/>\n<meta property=\"article:modified_time\" content=\"2026-02-03T15:04:36+00:00\" \/>\n<meta property=\"og:image\" content=\"https:\/\/les-chiendents.fr\/wp-content\/uploads\/2025\/01\/logo2-clean.png\" \/>\n\t<meta property=\"og:image:width\" content=\"530\" \/>\n\t<meta property=\"og:image:height\" content=\"530\" \/>\n\t<meta property=\"og:image:type\" content=\"image\/png\" \/>\n<meta name=\"twitter:card\" content=\"summary_large_image\" \/>\n<meta name=\"twitter:label1\" content=\"Dur\u00e9e de lecture estim\u00e9e\" \/>\n\t<meta name=\"twitter:data1\" content=\"1 minute\" \/>\n<script type=\"application\/ld+json\" class=\"yoast-schema-graph\">{\"@context\":\"https:\/\/schema.org\",\"@graph\":[{\"@type\":\"WebPage\",\"@id\":\"https:\/\/les-chiendents.fr\/\",\"url\":\"https:\/\/les-chiendents.fr\/\",\"name\":\"Notre histoire - Les Chiendents Les Chiendents\",\"isPartOf\":{\"@id\":\"https:\/\/les-chiendents.fr\/#website\"},\"primaryImageOfPage\":{\"@id\":\"https:\/\/les-chiendents.fr\/#primaryimage\"},\"image\":{\"@id\":\"https:\/\/les-chiendents.fr\/#primaryimage\"},\"thumbnailUrl\":\"https:\/\/les-chiendents.fr\/wp-content\/uploads\/2025\/01\/logo2-clean.png\",\"datePublished\":\"2024-12-17T09:28:55+00:00\",\"dateModified\":\"2026-02-03T15:04:36+00:00\",\"description\":\"Avec des lyc\u00e9ens de Dumont d\u2019Urville et quelques adultes, nous constituons Les Chiendents, dans l\u2019id\u00e9e de sensibiliser les jeunes \u00e0 l\u2019action environnementale.\",\"breadcrumb\":{\"@id\":\"https:\/\/les-chiendents.fr\/#breadcrumb\"},\"inLanguage\":\"fr-FR\",\"potentialAction\":[{\"@type\":\"ReadAction\",\"target\":[\"https:\/\/les-chiendents.fr\/\"]}]},{\"@type\":\"ImageObject\",\"inLanguage\":\"fr-FR\",\"@id\":\"https:\/\/les-chiendents.fr\/#primaryimage\",\"url\":\"https:\/\/les-chiendents.fr\/wp-content\/uploads\/2025\/01\/logo2-clean.png\",\"contentUrl\":\"https:\/\/les-chiendents.fr\/wp-content\/uploads\/2025\/01\/logo2-clean.png\",\"width\":530,\"height\":530},{\"@type\":\"BreadcrumbList\",\"@id\":\"https:\/\/les-chiendents.fr\/#breadcrumb\",\"itemListElement\":[{\"@type\":\"ListItem\",\"position\":1,\"name\":\"Accueil\",\"item\":\"https:\/\/les-chiendents.fr\/\"},{\"@type\":\"ListItem\",\"position\":2,\"name\":\"Notre histoire\"}]},{\"@type\":\"WebSite\",\"@id\":\"https:\/\/les-chiendents.fr\/#website\",\"url\":\"https:\/\/les-chiendents.fr\/\",\"name\":\"Les Chiendents\",\"description\":\"&quot;Une mauvaise herbe est une plante dont les vertus n&#039;ont pas encore \u00e9t\u00e9 d\u00e9couvertes.&quot; R.W. Emerson\",\"publisher\":{\"@id\":\"https:\/\/les-chiendents.fr\/#organization\"},\"potentialAction\":[{\"@type\":\"SearchAction\",\"target\":{\"@type\":\"EntryPoint\",\"urlTemplate\":\"https:\/\/les-chiendents.fr\/?s={search_term_string}\"},\"query-input\":{\"@type\":\"PropertyValueSpecification\",\"valueRequired\":true,\"valueName\":\"search_term_string\"}}],\"inLanguage\":\"fr-FR\"},{\"@type\":\"Organization\",\"@id\":\"https:\/\/les-chiendents.fr\/#organization\",\"name\":\"Les Chiendents\",\"url\":\"https:\/\/les-chiendents.fr\/\",\"logo\":{\"@type\":\"ImageObject\",\"inLanguage\":\"fr-FR\",\"@id\":\"https:\/\/les-chiendents.fr\/#\/schema\/logo\/image\/\",\"url\":\"https:\/\/les-chiendents.fr\/wp-content\/uploads\/2024\/12\/logo-chiendents.png\",\"contentUrl\":\"https:\/\/les-chiendents.fr\/wp-content\/uploads\/2024\/12\/logo-chiendents.png\",\"width\":388,\"height\":409,\"caption\":\"Les Chiendents\"},\"image\":{\"@id\":\"https:\/\/les-chiendents.fr\/#\/schema\/logo\/image\/\"},\"sameAs\":[\"https:\/\/www.instagram.com\/les_chiendents\/\"]}]}<\/script>\n<!-- \/ Yoast SEO plugin. -->","yoast_head_json":{"title":"Notre histoire - Les Chiendents Les Chiendents","description":"Avec des lyc\u00e9ens de Dumont d\u2019Urville et quelques adultes, nous constituons Les Chiendents, dans l\u2019id\u00e9e de sensibiliser les jeunes \u00e0 l\u2019action environnementale.","robots":{"index":"index","follow":"follow","max-snippet":"max-snippet:-1","max-image-preview":"max-image-preview:large","max-video-preview":"max-video-preview:-1"},"canonical":"https:\/\/les-chiendents.fr\/","og_locale":"fr_FR","og_type":"article","og_title":"Notre histoire - Les Chiendents Les Chiendents","og_description":"Avec des lyc\u00e9ens de Dumont d\u2019Urville et quelques adultes, nous constituons Les Chiendents, dans l\u2019id\u00e9e de sensibiliser les jeunes \u00e0 l\u2019action environnementale.","og_url":"https:\/\/les-chiendents.fr\/","og_site_name":"Les Chiendents","article_modified_time":"2026-02-03T15:04:36+00:00","og_image":[{"width":530,"height":530,"url":"https:\/\/les-chiendents.fr\/wp-content\/uploads\/2025\/01\/logo2-clean.png","type":"image\/png"}],"twitter_card":"summary_large_image","twitter_misc":{"Dur\u00e9e de lecture estim\u00e9e":"1 minute"},"schema":{"@context":"https:\/\/schema.org","@graph":[{"@type":"WebPage","@id":"https:\/\/les-chiendents.fr\/","url":"https:\/\/les-chiendents.fr\/","name":"Notre histoire - Les Chiendents Les Chiendents","isPartOf":{"@id":"https:\/\/les-chiendents.fr\/#website"},"primaryImageOfPage":{"@id":"https:\/\/les-chiendents.fr\/#primaryimage"},"image":{"@id":"https:\/\/les-chiendents.fr\/#primaryimage"},"thumbnailUrl":"https:\/\/les-chiendents.fr\/wp-content\/uploads\/2025\/01\/logo2-clean.png","datePublished":"2024-12-17T09:28:55+00:00","dateModified":"2026-02-03T15:04:36+00:00","description":"Avec des lyc\u00e9ens de Dumont d\u2019Urville et quelques adultes, nous constituons Les Chiendents, dans l\u2019id\u00e9e de sensibiliser les jeunes \u00e0 l\u2019action environnementale.","breadcrumb":{"@id":"https:\/\/les-chiendents.fr\/#breadcrumb"},"inLanguage":"fr-FR","potentialAction":[{"@type":"ReadAction","target":["https:\/\/les-chiendents.fr\/"]}]},{"@type":"ImageObject","inLanguage":"fr-FR","@id":"https:\/\/les-chiendents.fr\/#primaryimage","url":"https:\/\/les-chiendents.fr\/wp-content\/uploads\/2025\/01\/logo2-clean.png","contentUrl":"https:\/\/les-chiendents.fr\/wp-content\/uploads\/2025\/01\/logo2-clean.png","width":530,"height":530},{"@type":"BreadcrumbList","@id":"https:\/\/les-chiendents.fr\/#breadcrumb","itemListElement":[{"@type":"ListItem","position":1,"name":"Accueil","item":"https:\/\/les-chiendents.fr\/"},{"@type":"ListItem","position":2,"name":"Notre histoire"}]},{"@type":"WebSite","@id":"https:\/\/les-chiendents.fr\/#website","url":"https:\/\/les-chiendents.fr\/","name":"Les Chiendents","description":"&quot;Une mauvaise herbe est une plante dont les vertus n&#039;ont pas encore \u00e9t\u00e9 d\u00e9couvertes.&quot; R.W. Emerson","publisher":{"@id":"https:\/\/les-chiendents.fr\/#organization"},"potentialAction":[{"@type":"SearchAction","target":{"@type":"EntryPoint","urlTemplate":"https:\/\/les-chiendents.fr\/?s={search_term_string}"},"query-input":{"@type":"PropertyValueSpecification","valueRequired":true,"valueName":"search_term_string"}}],"inLanguage":"fr-FR"},{"@type":"Organization","@id":"https:\/\/les-chiendents.fr\/#organization","name":"Les Chiendents","url":"https:\/\/les-chiendents.fr\/","logo":{"@type":"ImageObject","inLanguage":"fr-FR","@id":"https:\/\/les-chiendents.fr\/#\/schema\/logo\/image\/","url":"https:\/\/les-chiendents.fr\/wp-content\/uploads\/2024\/12\/logo-chiendents.png","contentUrl":"https:\/\/les-chiendents.fr\/wp-content\/uploads\/2024\/12\/logo-chiendents.png","width":388,"height":409,"caption":"Les Chiendents"},"image":{"@id":"https:\/\/les-chiendents.fr\/#\/schema\/logo\/image\/"},"sameAs":["https:\/\/www.instagram.com\/les_chiendents\/"]}]}},"_links":{"self":[{"href":"https:\/\/les-chiendents.fr\/index.php\/wp-json\/wp\/v2\/pages\/90","targetHints":{"allow":["GET"]}}],"collection":[{"href":"https:\/\/les-chiendents.fr\/index.php\/wp-json\/wp\/v2\/pages"}],"about":[{"href":"https:\/\/les-chiendents.fr\/index.php\/wp-json\/wp\/v2\/types\/page"}],"author":[{"embeddable":true,"href":"https:\/\/les-chiendents.fr\/index.php\/wp-json\/wp\/v2\/users\/1"}],"replies":[{"embeddable":true,"href":"https:\/\/les-chiendents.fr\/index.php\/wp-json\/wp\/v2\/comments?post=90"}],"version-history":[{"count":13,"href":"https:\/\/les-chiendents.fr\/index.php\/wp-json\/wp\/v2\/pages\/90\/revisions"}],"predecessor-version":[{"id":527,"href":"https:\/\/les-chiendents.fr\/index.php\/wp-json\/wp\/v2\/pages\/90\/revisions\/527"}],"wp:attachment":[{"href":"https:\/\/les-chiendents.fr\/index.php\/wp-json\/wp\/v2\/media?parent=90"}],"curies":[{"name":"wp","href":"https:\/\/api.w.org\/{rel}","templated":true}]}}